{"id":2952,"date":"2016-12-12T17:55:54","date_gmt":"2016-12-12T17:55:54","guid":{"rendered":"http:\/\/novakemio.com\/?page_id=2952\/"},"modified":"2016-12-12T17:55:54","modified_gmt":"2016-12-12T17:55:54","slug":"methacrylate-resins","status":"publish","type":"page","link":"https:\/\/novakemio.com\/en\/products\/resins\/methacrylate-resins\/","title":{"rendered":"Methacrylate Resins"},"content":{"rendered":"<p><img loading=\"lazy\" decoding=\"async\" class=\"alignnone size-full wp-image-1494\" title=\"Resinas\" src=\"https:\/\/novakemio.com\/wp-content\/uploads\/2013\/01\/seccion_resinas.jpg\" alt=\"\" width=\"675\" height=\"100\" srcset=\"https:\/\/novakemio.com\/wp-content\/uploads\/2013\/01\/seccion_resinas.jpg 675w, https:\/\/novakemio.com\/wp-content\/uploads\/2013\/01\/seccion_resinas-300x44.jpg 300w\" sizes=\"(max-width: 675px) 100vw, 675px\" \/><\/p>\n<p><a href='https:\/\/novakemio.com\/en\/products\/resins\/epoxy-resins' class='small-button smallwhite'>EPOXY<\/a>\u00a0<a href='https:\/\/novakemio.com\/en\/products\/resins\/polyurethane-resins' class='small-button smallwhite'>POLYURETHANE<\/a> \u00a0<a href='https:\/\/novakemio.com\/en\/products\/resins\/methacrylate-resins' class='small-button smallorange'>METHACRYLATE<\/a><table id=\"table_22819115\" width=\"100%\" class=\"display\"><thead><tr><th>PRODUCTO<\/th><\/tr>\r\n    <\/thead>\r\n    <tbody>\r\n\t\r\n\t<script type=\"text\/javascript\" charset=\"utf-8\">\r\n jQuery(document).ready(function() {\r\n    jQuery('#table_22819115').DataTable( {\"destroy\": true,\"bPaginate\": false,\"bLengthChange\": true,\"bFilter\": false,\"bSort\": false,\"bInfo\": false,\"bStateSave\": true,\"bAutoWidth\": false,\"sPaginationType\": \"full_numbers\",\"oLanguage\": {\r\n\t\t\t\"sLengthMenu\": \"Display _MENU_ records per page\",\r\n\t\t\t\"sZeroRecords\": \"Sin resultados - lo sentimos\",\r\n\t\t\t\"sInfo\": \"Mostrando _TOTAL_ productos\",\r\n\t\t\t\"sInfoEmpty\": \"Mostrando 0 a 0 de 0 productos\",\r\n                        \"sSearch\": \"Buscar: \",\r\n\t\t\t\"sInfoFiltered\": \"(de _MAX_ productos)\"\r\n\t\t}} );\r\n});\r\n <\/script><tr><td><a href=\"http:\/\/novakemio.com\/productos\/resinas\/resinas-metacrilato\/kemimet-mth\/\"><b>KEMIMET MTH:<\/b><\/a> <br>Resina de metacrilato transparente o de color para pavimentos. <a href=\"http:\/\/novakemio.com\/productos\/resinas\/resinas-metacrilato\/kemimet-mth\/\">+M\u00e1s Info<\/a><\/td><\/tr><tr><td><a href=\"http:\/\/novakemio.com\/productos\/resinas\/resinas-metacrilato\/kemimet-ft\/\"><b>KEMIMET FT:<\/b><\/a> <br>Resina de metacrilato transparente para sellado de cuarzo color. <a href=\"http:\/\/novakemio.com\/productos\/resinas\/resinas-metacrilato\/kemimet-ft\/\">+M\u00e1s Info<\/a><\/td><\/tr><tr><td><a href=\"http:\/\/novakemio.com\/productos\/resinas\/resinas-metacrilato\/kemimet-c-bpo\/\"><b>KEMIMET C-BPO:<\/b><\/a> <br>Catalizador de resinas de metacrilato. <a href=\"http:\/\/novakemio.com\/productos\/resinas\/resinas-metacrilato\/kemimet-c-bpo\/\">+M\u00e1s Info<\/a><\/td><\/tr><tr><td><a href=\"http:\/\/novakemio.com\/productos\/resinas\/resinas-metacrilato\/kemimet-acelera\/\"><b>KEMIMET ACELERA:<\/b><\/a> <br>Acelerante de resinas de metacrilato. <a href=\"http:\/\/novakemio.com\/productos\/resinas\/resinas-metacrilato\/kemimet-acelera\/\">+M\u00e1s Info<\/a><\/td><\/tr><tr><td><a href=\"http:\/\/novakemio.com\/productos\/resinas\/resinas-metacrilato\/kemimet-primer-25\/\"><b>KEMIMET PRIMER-25:<\/b><\/a> <br>Resina de metacrilato para imprimaciones. <a href=\"http:\/\/novakemio.com\/productos\/resinas\/resinas-metacrilato\/kemimet-primer-25\/\">+M\u00e1s Info<\/a><\/td><\/tr><tr><td><a href=\"http:\/\/novakemio.com\/productos\/resinas\/resinas-metacrilato\/kemimet-metalprim\/\"><b>KEMIMET METALPRIM:<\/b><\/a> <br>Resina de metacrilato de imprimaci\u00f3n sobre metal. <a href=\"http:\/\/novakemio.com\/productos\/resinas\/resinas-metacrilato\/kemimet-metalprim\/\">+M\u00e1s Info<\/a><\/td><\/tr>\r\n    <\/tbody>\r\n<\/table><\/p>\n","protected":false},"excerpt":{"rendered":"<p>\u00a0 \u00a0PRODUCTO KEMIMET MTH: Resina de metacrilato transparente o de color para pavimentos. +M\u00e1s InfoKEMIMET FT: Resina de metacrilato transparente para sellado de cuarzo color. +M\u00e1s InfoKEMIMET C-BPO: Catalizador de resinas de metacrilato. +M\u00e1s InfoKEMIMET ACELERA: Acelerante de resinas de metacrilato. +M\u00e1s InfoKEMIMET PRIMER-25: Resina de metacrilato para imprimaciones. +M\u00e1s InfoKEMIMET METALPRIM: Resina de metacrilato [&hellip;]<\/p>\n","protected":false},"author":1,"featured_media":0,"parent":2849,"menu_order":0,"comment_status":"closed","ping_status":"closed","template":"","meta":{"_et_pb_use_builder":"","_et_pb_old_content":"","_et_gb_content_width":"","footnotes":""},"class_list":["post-2952","page","type-page","status-publish","hentry"],"aioseo_notices":[],"_links":{"self":[{"href":"https:\/\/novakemio.com\/en\/wp-json\/wp\/v2\/pages\/2952","targetHints":{"allow":["GET"]}}],"collection":[{"href":"https:\/\/novakemio.com\/en\/wp-json\/wp\/v2\/pages"}],"about":[{"href":"https:\/\/novakemio.com\/en\/wp-json\/wp\/v2\/types\/page"}],"author":[{"embeddable":true,"href":"https:\/\/novakemio.com\/en\/wp-json\/wp\/v2\/users\/1"}],"replies":[{"embeddable":true,"href":"https:\/\/novakemio.com\/en\/wp-json\/wp\/v2\/comments?post=2952"}],"version-history":[{"count":1,"href":"https:\/\/novakemio.com\/en\/wp-json\/wp\/v2\/pages\/2952\/revisions"}],"predecessor-version":[{"id":2953,"href":"https:\/\/novakemio.com\/en\/wp-json\/wp\/v2\/pages\/2952\/revisions\/2953"}],"up":[{"embeddable":true,"href":"https:\/\/novakemio.com\/en\/wp-json\/wp\/v2\/pages\/2849"}],"wp:attachment":[{"href":"https:\/\/novakemio.com\/en\/wp-json\/wp\/v2\/media?parent=2952"}],"curies":[{"name":"wp","href":"https:\/\/api.w.org\/{rel}","templated":true}]}}