{"id":2950,"date":"2016-12-12T17:54:15","date_gmt":"2016-12-12T17:54:15","guid":{"rendered":"http:\/\/novakemio.com\/?page_id=2950\/"},"modified":"2016-12-12T17:54:15","modified_gmt":"2016-12-12T17:54:15","slug":"polyurethane-resins","status":"publish","type":"page","link":"https:\/\/novakemio.com\/en\/products\/resins\/polyurethane-resins\/","title":{"rendered":"Polyurethane Resins"},"content":{"rendered":"<p><img loading=\"lazy\" decoding=\"async\" class=\"alignnone size-full wp-image-1494\" title=\"Resinas\" src=\"https:\/\/novakemio.com\/wp-content\/uploads\/2013\/01\/seccion_resinas.jpg\" alt=\"\" width=\"675\" height=\"100\" srcset=\"https:\/\/novakemio.com\/wp-content\/uploads\/2013\/01\/seccion_resinas.jpg 675w, https:\/\/novakemio.com\/wp-content\/uploads\/2013\/01\/seccion_resinas-300x44.jpg 300w\" sizes=\"(max-width: 675px) 100vw, 675px\" \/><\/p>\n<p><a href='https:\/\/novakemio.com\/en\/products\/resins\/epoxy-resins' class='small-button smallwhite'>EPOXY<\/a>\u00a0<a href='https:\/\/novakemio.com\/en\/products\/resins\/polyurethane-resins' class='small-button smallgreen'>POLYURETHANE<\/a> \u00a0<a href='https:\/\/novakemio.com\/en\/products\/resins\/methacrylate-resins' class='small-button smallwhite'>METHACRYLATE<\/a><\/p>\n<p><table id=\"table_42835573\" width=\"100%\" class=\"display\"><thead><tr><th>PRODUCTO<\/th><\/tr>\r\n    <\/thead>\r\n    <tbody>\r\n\t\r\n\t<script type=\"text\/javascript\" charset=\"utf-8\">\r\n jQuery(document).ready(function() {\r\n    jQuery('#table_42835573').DataTable( {\"destroy\": true,\"bPaginate\": false,\"bLengthChange\": false,\"bFilter\": false,\"bSort\": false,\"bInfo\": false,\"bStateSave\": true,\"bAutoWidth\": true,\"sPaginationType\": \"full_numbers\",\"oLanguage\": {\r\n\t\t\t\"sLengthMenu\": \"Display _MENU_ records per page\",\r\n\t\t\t\"sZeroRecords\": \"Sin resultados - lo sentimos\",\r\n\t\t\t\"sInfo\": \"Mostrando _TOTAL_ productos\",\r\n\t\t\t\"sInfoEmpty\": \"Mostrando 0 a 0 de 0 productos\",\r\n                        \"sSearch\": \"Buscar: \",\r\n\t\t\t\"sInfoFiltered\": \"(de _MAX_ productos)\"\r\n\t\t}} );\r\n});\r\n <\/script><tr><td><a href=\"http:\/\/novakemio.com\/productos\/resinas\/resinas-poliuretano\/kemipur-polycor\/\"><b>Kemipur Polycor:<\/b><\/a> Pintura alif\u00e1tica para la protecci\u00f3n de suelos con acabado brillo o mate. <a href=\"http:\/\/novakemio.com\/productos\/resinas\/resinas-poliuretano\/kemipur-polycor\/\">+M\u00e1s Info<\/a><\/td><\/tr><tr><td><a href=\"http:\/\/novakemio.com\/productos\/resinas\/resinas-poliuretano\/kemipur-conforpol\/\"><b>Kemipur Conforpol:<\/b><\/a> Resina autonivelante el\u00e1stico. <a href=\"http:\/\/novakemio.com\/productos\/resinas\/resinas-poliuretano\/kemipur-conforpol\/\">+M\u00e1s Info<\/a><\/td><\/tr><tr><td><a href=\"http:\/\/novakemio.com\/productos\/resinas\/resinas-poliuretano\/kemipur-mc-flex\/\"><b>Kemipur MC-FLEX:<\/b><\/a> Resina-masilla de poliuretano flexible coloreada para aplicaci\u00f3n de media ca\u00f1a sanitaria. <a href=\"http:\/\/novakemio.com\/productos\/resinas\/resinas-poliuretano\/kemipur-mc-flex\/\">+M\u00e1s Info<\/a><\/td><\/tr><tr><td><a href=\"http:\/\/novakemio.com\/productos\/resinas\/resinas-poliuretano\/kemipur-polymax-cor\/\"><b>Kemipur Polymax-Cor:<\/b><\/a> Resina poliasp\u00e1rtica de color, de secado r\u00e1pido exenta de disolventes para sellado de pavimentos. <a href=\"http:\/\/novakemio.com\/productos\/resinas\/resinas-poliuretano\/kemipur-polymax-cor\/\">+M\u00e1s Info<\/a><\/td><\/tr><tr><td><a href=\"http:\/\/novakemio.com\/productos\/resinas\/resinas-poliuretano\/kemipur-polymax-92c\/\"><b>Kemipur Polymax-92C:<\/b><\/a> Resina poliasp\u00e1rtica de color, de secado r\u00e1pido y altos s\u00f3lidos para pintado de pavimentos. <a href=\"http:\/\/novakemio.com\/productos\/resinas\/resinas-poliuretano\/kemipur-polymax-92c\/\">+M\u00e1s Info<\/a><\/td><\/tr><tr><td><a href=\"http:\/\/novakemio.com\/productos\/resinas\/resinas-poliuretano\/kemipur-polymax-t\/\"><b>Kemipur Polymax-T:<\/b><\/a> Resina poliasp\u00e1rtica transparente, de secado r\u00e1pido exenta de disolventes para sellado de \u00e1rido coloreado. <a href=\"http:\/\/novakemio.com\/productos\/resinas\/resinas-poliuretano\/kemipur-polymax-t\/\">+M\u00e1s Info<\/a><\/td><\/tr><tr><td><a href=\"http:\/\/novakemio.com\/productos\/resinas\/resinas-poliuretano\/kemipur-polymax-88t\/\"><b>Kemipur Polymax-88T:<\/b><\/a> Resina poliasp\u00e1rtica transparente, de secado r\u00e1pido y altos s\u00f3lidos para sellados. <a href=\"http:\/\/novakemio.com\/productos\/resinas\/resinas-poliuretano\/kemipur-polymax-88t\/\">+M\u00e1s Info<\/a><\/td><\/tr><tr><td><a href=\"http:\/\/novakemio.com\/productos\/resinas\/resinas-poliuretano\/kemipur-stone\/\"><b>Kemipur Stone:<\/b><\/a> Resina transparente alif\u00e1tico ligante m\u00e1rmol. <a href=\"http:\/\/novakemio.com\/productos\/resinas\/resinas-poliuretano\/kemipur-stone\/\">+M\u00e1s Info<\/a><\/td><\/tr><tr><td><a href=\"http:\/\/novakemio.com\/productos\/resinas\/resinas-poliuretano\/kemipur-polyt-bsm\/\"><b>Kemipur Polyt-BSM:<\/b><\/a> Barniz de poliuretano alif\u00e1tico acabado brillo, satinado o mate. <a href=\"http:\/\/novakemio.com\/productos\/resinas\/resinas-poliuretano\/kemipur-polyt-bsm\/\">+M\u00e1s Info<\/a><\/td><\/tr><tr><td><a href=\"http:\/\/novakemio.com\/productos\/resinas\/resinas-poliuretano\/kemipur-polyvar-w\/\"><b>Kemipur Polyvar-W 2K:<\/b><\/a> Barniz bicomponente de poliuretano alif\u00e1tico base acuosa para sellado de pavimentos autonivelantes. <a href=\"http:\/\/novakemio.com\/productos\/resinas\/resinas-poliuretano\/kemipur-polyvar-w\/\">+M\u00e1s Info<\/a><\/td><\/tr><tr><td><a href=\"http:\/\/novakemio.com\/productos\/resinas\/resinas-poliuretano\/kemipur-polypin-w\/\"><b>Kemipur Polypin-W:<\/b><\/a> Pintura bicomponente de poliuretano alif\u00e1tico base acuosa de color para sellado. <a href=\"http:\/\/novakemio.com\/productos\/resinas\/resinas-poliuretano\/kemipur-polypin-w\/\">+M\u00e1s Info<\/a><\/td><\/tr><tr><td><a href=\"http:\/\/novakemio.com\/productos\/resinas\/resinas-poliuretano\/kemipur-akuapol\/\"><b>Kemipur AKUAPOL :<\/b><\/a> Revestimiento bicomponente de poliuretano alif\u00e1tico base acuosa de color acabado mate para sellado. <a href=\"http:\/\/novakemio.com\/productos\/resinas\/resinas-poliuretano\/kemipur-akuapol\/\">+M\u00e1s Info<\/a><\/td><\/tr><tr><td><a href=\"http:\/\/novakemio.com\/productos\/resinas\/resinas-poliuretano\/kemipur-akuapol-t\/\"><b>Kemipur AKUAPOL-T:<\/b><\/a> Barniz bicomponente de poliuretano alif\u00e1tico base acuosa para sellado de pavimentos autonivelantes. <a href=\"http:\/\/novakemio.com\/productos\/resinas\/resinas-poliuretano\/kemipur-akuapol-t\/\">+M\u00e1s Info<\/a><\/td><\/tr><tr><td><a href=\"http:\/\/novakemio.com\/productos\/resinas\/resinas-poliuretano\/solpur\/\"><b>Solpur:<\/b><\/a> Disolvente para resina de poliuretano. <a href=\"http:\/\/novakemio.com\/productos\/resinas\/resinas-poliuretano\/solpur\/\">+M\u00e1s Info<\/a><\/td><\/tr><tr><td><a href=\"http:\/\/novakemio.com\/productos\/resinas\/resinas-poliuretano\/solvente-polymax\/\"><b>Solvente Polymax:<\/b><\/a> Disolvente especial para resinas poliasp\u00e1rticas KEMIPUR POLYMAX. <a href=\"http:\/\/novakemio.com\/productos\/resinas\/resinas-poliuretano\/solvente-polymax\/\">+M\u00e1s Info<\/a><\/td><\/tr><tr><td><a href=\"http:\/\/novakemio.com\/productos\/resinas\/resinas-poliuretano\/kemipur-acelera\/\"><b>Kemipur Acelera:<\/b><\/a> Acelerante de curado para pinturas y resinas de poliuretano. <a href=\"http:\/\/novakemio.com\/productos\/resinas\/resinas-poliuretano\/kemipur-acelera\/\">+M\u00e1s Info<\/a><\/td><\/tr><tr><td><a href=\"http:\/\/novakemio.com\/productos\/resinas\/resinas-poliuretano\/kemipur-conforlam\/\"><b>Kemipur Conforlam:<\/b><\/a> L\u00e1mina flexible de 4 mm de espesor de caucho SBR reciclado. <a href=\"http:\/\/novakemio.com\/productos\/resinas\/resinas-poliuretano\/kemipur-conforlam\/\">+M\u00e1s Info<\/a><\/td><\/tr>\r\n    <\/tbody>\r\n<\/table><\/p>\n","protected":false},"excerpt":{"rendered":"<p>\u00a0 \u00a0 PRODUCTO Kemipur Polycor: Pintura alif\u00e1tica para la protecci\u00f3n de suelos con acabado brillo o mate. +M\u00e1s InfoKemipur Conforpol: Resina autonivelante el\u00e1stico. +M\u00e1s InfoKemipur MC-FLEX: Resina-masilla de poliuretano flexible coloreada para aplicaci\u00f3n de media ca\u00f1a sanitaria. +M\u00e1s InfoKemipur Polymax-Cor: Resina poliasp\u00e1rtica de color, de secado r\u00e1pido exenta de disolventes para sellado de pavimentos. +M\u00e1s [&hellip;]<\/p>\n","protected":false},"author":1,"featured_media":0,"parent":2849,"menu_order":0,"comment_status":"closed","ping_status":"closed","template":"","meta":{"_et_pb_use_builder":"","_et_pb_old_content":"","_et_gb_content_width":"","footnotes":""},"class_list":["post-2950","page","type-page","status-publish","hentry"],"aioseo_notices":[],"_links":{"self":[{"href":"https:\/\/novakemio.com\/en\/wp-json\/wp\/v2\/pages\/2950","targetHints":{"allow":["GET"]}}],"collection":[{"href":"https:\/\/novakemio.com\/en\/wp-json\/wp\/v2\/pages"}],"about":[{"href":"https:\/\/novakemio.com\/en\/wp-json\/wp\/v2\/types\/page"}],"author":[{"embeddable":true,"href":"https:\/\/novakemio.com\/en\/wp-json\/wp\/v2\/users\/1"}],"replies":[{"embeddable":true,"href":"https:\/\/novakemio.com\/en\/wp-json\/wp\/v2\/comments?post=2950"}],"version-history":[{"count":1,"href":"https:\/\/novakemio.com\/en\/wp-json\/wp\/v2\/pages\/2950\/revisions"}],"predecessor-version":[{"id":2951,"href":"https:\/\/novakemio.com\/en\/wp-json\/wp\/v2\/pages\/2950\/revisions\/2951"}],"up":[{"embeddable":true,"href":"https:\/\/novakemio.com\/en\/wp-json\/wp\/v2\/pages\/2849"}],"wp:attachment":[{"href":"https:\/\/novakemio.com\/en\/wp-json\/wp\/v2\/media?parent=2950"}],"curies":[{"name":"wp","href":"https:\/\/api.w.org\/{rel}","templated":true}]}}