{"id":2946,"date":"2016-12-12T17:48:13","date_gmt":"2016-12-12T17:48:13","guid":{"rendered":"http:\/\/novakemio.com\/?page_id=2946\/"},"modified":"2016-12-12T17:51:01","modified_gmt":"2016-12-12T17:51:01","slug":"epoxy-resins","status":"publish","type":"page","link":"https:\/\/novakemio.com\/en\/products\/resins\/epoxy-resins\/","title":{"rendered":"Epoxy Resins"},"content":{"rendered":"<p><img loading=\"lazy\" decoding=\"async\" class=\"alignnone size-full wp-image-1494\" title=\"Resinas\" src=\"https:\/\/novakemio.com\/wp-content\/uploads\/2013\/01\/seccion_resinas.jpg\" alt=\"\" width=\"675\" height=\"100\" srcset=\"https:\/\/novakemio.com\/wp-content\/uploads\/2013\/01\/seccion_resinas.jpg 675w, https:\/\/novakemio.com\/wp-content\/uploads\/2013\/01\/seccion_resinas-300x44.jpg 300w\" sizes=\"(max-width: 675px) 100vw, 675px\" \/><br \/>\n<a href='https:\/\/novakemio.com\/en\/products\/resins\/epoxy-resins' class='small-button smallblue'>EPOXY<\/a>\u00a0<a href='https:\/\/novakemio.com\/en\/products\/resins\/polyurethane-resins' class='small-button smallwhite'>POLYURETHANE<\/a> \u00a0<a href='https:\/\/novakemio.com\/en\/products\/resins\/methacrylate-resins' class='small-button smallwhite'>METHACRYLATE<\/a><\/p>\n<p><table id=\"table_3191891\" width=\"100%\" class=\"display\"><thead><tr><th>Ref.<\/th><th>PRODUCTO<\/th><\/tr>\r\n    <\/thead>\r\n    <tbody>\r\n\t\r\n\t<script type=\"text\/javascript\" charset=\"utf-8\">\r\n jQuery(document).ready(function() {\r\n    jQuery('#table_3191891').DataTable( {\"destroy\": true,\"bPaginate\": false,\"bLengthChange\": false,\"bFilter\": false,\"bSort\": false,\"bInfo\": false,\"bStateSave\": true,\"bAutoWidth\": true,\"sPaginationType\": \"full_numbers\",\"oLanguage\": {\r\n\t\t\t\"sLengthMenu\": \"Display _MENU_ records per page\",\r\n\t\t\t\"sZeroRecords\": \"Sin resultados - lo sentimos\",\r\n\t\t\t\"sInfo\": \"Mostrando _TOTAL_ productos\",\r\n\t\t\t\"sInfoEmpty\": \"Mostrando 0 a 0 de 0 productos\",\r\n                        \"sSearch\": \"Buscar: \",\r\n\t\t\t\"sInfoFiltered\": \"(de _MAX_ productos)\"\r\n\t\t}} );\r\n});\r\n <\/script><tr><td>4001AB<\/td><td><a href=\"http:\/\/novakemio.com\/productos\/resinas\/resinas-epoxi\/kemipox-neutro\/\"><b>Kemipox Neutro:<\/b><\/a> Resina epoxi transparente para fondos, morteros y capas intermedias. <a href=\"http:\/\/novakemio.com\/productos\/resinas\/resinas-epoxi\/kemipox-neutro\/\">+M\u00e1s Info<\/a><\/td><\/tr><tr><td>4002AB<\/td><td><a href=\"http:\/\/novakemio.com\/productos\/resinas\/resinas-epoxi\/kemipox-intercor\/\"><b>Kemipox Intercor:<\/b><\/a>Resina epoxi coloreada, para capas intermedias. <a href=\"http:\/\/novakemio.com\/productos\/resinas\/resinas-epoxi\/kemipox-intercor\/\">+M\u00e1s Info<\/a><\/td><\/tr><tr><td>4003AB<\/td><td><a href=\"http:\/\/novakemio.com\/productos\/resinas\/resinas-epoxi\/kemipox-rescor\/\"><b>Kemipox Rescor:<\/b><\/a> Resina epoxi coloreada para acabados. <a href=\"http:\/\/novakemio.com\/productos\/resinas\/resinas-epoxi\/kemipox-rescor\/\">+M\u00e1s Info<\/a><\/td><\/tr><tr><td>4004AB<\/td><td><a href=\"http:\/\/novakemio.com\/productos\/resinas\/resinas-epoxi\/kemipox-primer\/\"><b>Kemipox Primer:<\/b><\/a> Resina epoxi transparente para imprimaciones. <a href=\"http:\/\/novakemio.com\/productos\/resinas\/resinas-epoxi\/kemipox-primer\/\">+M\u00e1s Info<\/a><\/td><\/tr><tr><td>4005<\/td><td><a href=\"http:\/\/novakemio.com\/productos\/resinas\/resinas-epoxi\/arena-natural\/\"><b>Arena Natural:<\/b><\/a> \u00c1rido de cuarzo de diferentes granulometr\u00edas. <a href=\"http:\/\/novakemio.com\/productos\/resinas\/resinas-epoxi\/arena-natural\/\">+M\u00e1s Info<\/a><\/td><\/tr><tr><td>4006<\/td><td><a href=\"http:\/\/novakemio.com\/productos\/resinas\/resinas-epoxi\/resinas-kemiquarz\/\"><b>Kemiquarz:<\/b><\/a> \u00c1rido de cuarzo coloreado de diferentes granulometr\u00edas. <a href=\"http:\/\/novakemio.com\/productos\/resinas\/resinas-epoxi\/resinas-kemiquarz\/\">+M\u00e1s Info<\/a><\/td><\/tr><tr><td>4007AB<\/td><td><a href=\"http:\/\/novakemio.com\/productos\/resinas\/resinas-epoxi\/kemipox-pinsecor-v\/\"><b>Kemipox Pinsecor-V:<\/b><\/a> Pintura epoxi 100% s\u00f3lidos para vertical y media ca\u00f1a. <a href=\"http:\/\/novakemio.com\/productos\/resinas\/resinas-epoxi\/kemipox-pinsecor-v\/\">+M\u00e1s Info<\/a><\/td><\/tr><tr><td>4012<\/td><td><a href=\"http:\/\/novakemio.com\/productos\/resinas\/resinas-epoxi\/solpox\/\"><b>Solpox:<\/b><\/a> Disolvente para resina epoxi. <a href=\"http:\/\/novakemio.com\/productos\/resinas\/resinas-epoxi\/solpox\">+M\u00e1s Info<\/a><\/td><\/tr><tr><td>4013<\/td><td><a href=\"http:\/\/novakemio.com\/productos\/resinas\/resinas-epoxi\/kemitix-20\/\"><b>Kemitix-20:<\/b><\/a> Aditivo espesante de epoxi. <a href=\"http:\/\/novakemio.com\/productos\/resinas\/resinas-epoxi\/kemitix-20\">+M\u00e1s Info<\/a><\/td><\/tr><tr><td>4014AB<\/td><td><a href=\"http:\/\/novakemio.com\/productos\/resinas\/resinas-epoxi\/kemipox-sqc\/\"><b>Kemipox SQC:<\/b><\/a> Resina epoxi transparente para sellado de \u00e1rido coloreado. <a href=\"http:\/\/novakemio.com\/productos\/resinas\/resinas-epoxi\/kemipox-sqc\/\">+M\u00e1s Info<\/a><\/td><\/tr><tr><td>4015AB<\/td><td><a href=\"http:\/\/novakemio.com\/productos\/resinas\/resinas-epoxi\/kemipox-level\/\"><b>Kemipox Level:<\/b><\/a> Resina epoxi autonivelante acabado. <a href=\"http:\/\/novakemio.com\/productos\/resinas\/resinas-epoxi\/kemipox-level\/\">+M\u00e1s Info<\/a><\/td><\/tr><tr><td>4016AB<\/td><td><a href=\"http:\/\/novakemio.com\/productos\/resinas\/resinas-epoxi\/kemipox-pinsecor\/\"><b>Kemipox Pinsecor:<\/b><\/a> Pintura epoxi 100% s\u00f3lidos. <a href=\"http:\/\/novakemio.com\/productos\/resinas\/resinas-epoxi\/kemipox-pinsecor\/\">+M\u00e1s Info<\/a><\/td><\/tr><tr><td>4019AB<\/td><td><a href=\"http:\/\/novakemio.com\/productos\/resinas\/resinas-epoxi\/kemipox-primer-h\/\"><b>Kemipox Primer-H:<\/b><\/a> Resina epoxi transparente para imprimaciones antihumedad. <a href=\"http:\/\/novakemio.com\/productos\/resinas\/resinas-epoxi\/kemipox-primer-h\/\">+M\u00e1s Info<\/a><\/td><\/tr><tr><td>4020AB<\/td><td><a href=\"http:\/\/novakemio.com\/productos\/resinas\/resinas-epoxi\/kemipox-condubas\/\"><b>Kemipox Condubas:<\/b><\/a> Resina epoxi bicomponente sin disolventes de alta conductividad de uso especial como capa base. <a href=\"http:\/\/novakemio.com\/productos\/resinas\/resinas-epoxi\/kemipox-condubas\/\">+M\u00e1s Info<\/a><\/td><\/tr><tr><td>4021AB<\/td><td><a href=\"http:\/\/novakemio.com\/productos\/resinas\/resinas-epoxi\/kemipox-rescor-conductiva\/\"><b>Kemipox Rescor Conductiva:<\/b><\/a> Resina epoxi bicomponente para sellado de pavimentos multicapas conductivos. <a href=\"http:\/\/novakemio.com\/productos\/resinas\/resinas-epoxi\/kemipox-rescor-conductiva\/\">+M\u00e1s Info<\/a><\/td><\/tr><tr><td>4022AB<\/td><td><a href=\"http:\/\/novakemio.com\/productos\/resinas\/resinas-epoxi\/kemipox-sqc-conductiva\/\"><b>Kemipox SQC Conductiva:<\/b><\/a> Resina epoxi bicomponente para sellado de pavimentos multicapas conductivos. <a href=\"http:\/\/novakemio.com\/productos\/resinas\/resinas-epoxi\/kemipox-sqc-conductiva\/\">+M\u00e1s Info<\/a><\/td><\/tr><tr><td>4023AB<\/td><td><a href=\"http:\/\/novakemio.com\/productos\/resinas\/resinas-epoxi\/kemipox-Level-conductiva\/\"><b>Kemipox Level Conductiva:<\/b><\/a> Resina epoxi bicomponente autonivelante conductivo. <a href=\"http:\/\/novakemio.com\/productos\/resinas\/resinas-epoxi\/kemipox-level-conductiva\/\">+M\u00e1s Info<\/a><\/td><\/tr><tr><td>4024<\/td><td><a href=\"http:\/\/novakemio.com\/productos\/resinas\/resinas-epoxi\/kemiquarz-n-50\/\"><b>Kemiquarz N-50:<\/b><\/a> Arido de cuarzo conductivo monocolor. <a href=\"http:\/\/novakemio.com\/productos\/resinas\/resinas-epoxi\/kemiquarz-n-50\/\">+M\u00e1s Info<\/a><\/td><\/tr><tr><td>4025<\/td><td><a href=\"http:\/\/novakemio.com\/productos\/resinas\/resinas-epoxi\/kemiquarz-cc-50\/\"><b>Kemiquarz CC-50:<\/b><\/a> Arido de cuarzo conductivo multicolor. <a href=\"http:\/\/novakemio.com\/productos\/resinas\/resinas-epoxi\/kemiquarz-cc-50\/\">+M\u00e1s Info<\/a><\/td><\/tr><tr><td>4026BAB<\/td><td><a href=\"http:\/\/novakemio.com\/productos\/resinas\/resinas-epoxi\/kemipox-aquapin-b\/\"><b>Kemipox Aquapin-B:<\/b><\/a> Pintura epoxi al agua bicomponente acabado muy brillante. <a href=\"http:\/\/novakemio.com\/productos\/resinas\/resinas-epoxi\/kemipox-aquapin-b\/\">+M\u00e1s Info<\/a><\/td><\/tr><tr><td>4026SAB<\/td><td><a href=\"http:\/\/novakemio.com\/productos\/resinas\/resinas-epoxi\/kemipox-aquapin-s\/\"><b>Kemipox Aquapin-S:<\/b><\/a> Pintura epoxi al agua bicomponente acabado satinado. <a href=\"http:\/\/novakemio.com\/productos\/resinas\/resinas-epoxi\/kemipox-aquapin-s\/\">+M\u00e1s Info<\/a><\/td><\/tr><tr><td>4029<\/td><td><a href=\"http:\/\/novakemio.com\/productos\/resinas\/resinas-epoxi\/kemiquarz-c-100\/\"><b>Kemiquarz C-100:<\/b><\/a> Cuarzo conductivo. <a href=\"http:\/\/novakemio.com\/productos\/resinas\/resinas-epoxi\/kemiquarz-c-100\/\">+M\u00e1s Info<\/a><\/td><\/tr><tr><td>4031<\/td><td><a href=\"http:\/\/novakemio.com\/productos\/resinas\/resinas-epoxi\/kemipox-c-uv\/\"><b>Kemipox C-UV:<\/b><\/a> Catalizador epoxi para exteriores. <a href=\"http:\/\/novakemio.com\/productos\/resinas\/resinas-epoxi\/kemipox-c-uv\/\">+M\u00e1s Info<\/a><\/td><\/tr><tr><td>4032<\/td><td><a href=\"http:\/\/novakemio.com\/productos\/resinas\/resinas-epoxi\/kemipox-c-acelera\/\"><b>Kemipox C-Acelera:<\/b><\/a> Acelerante de curado en sistemas epoxi. <a href=\"http:\/\/novakemio.com\/productos\/resinas\/resinas-epoxi\/kemipox-c-acelera\/\">+M\u00e1s Info<\/a><\/td><\/tr><tr><td>4042AB<\/td><td><a href=\"http:\/\/novakemio.com\/productos\/resinas\/resinas-epoxi\/kemipox-neutro-410\/\"><b>Kemipox Neutro-410:<\/b><\/a> Resina epoxi neutra para capas base e intermedias. <a href=\"http:\/\/novakemio.com\/productos\/resinas\/resinas-epoxi\/kemipox-neutro-410\/\">+M\u00e1s Info<\/a><\/td><\/tr><tr><td>4043AB<\/td><td><a href=\"http:\/\/novakemio.com\/productos\/resinas\/resinas-epoxi\/kemipox-sqc-520\/\"><b>Kemipox SQC-520:<\/b><\/a> Resina epoxi transparente multifunci\u00f3n. <a href=\"http:\/\/novakemio.com\/productos\/resinas\/resinas-epoxi\/kemipox-sqc-520\/\">+M\u00e1s Info<\/a><\/td><\/tr><tr><td>4044AB<\/td><td><a href=\"http:\/\/novakemio.com\/productos\/resinas\/resinas-epoxi\/kemipox-neutro-410c\/\"><b>Kemipox Neutro-410C:<\/b><\/a> Resina epoxi coloreada para capas intermedias. <a href=\"http:\/\/novakemio.com\/productos\/resinas\/resinas-epoxi\/kemipox-neutro-410c\/\">+M\u00e1s Info<\/a><\/td><\/tr><tr><td>4048AB<\/td><td><a href=\"http:\/\/novakemio.com\/productos\/resinas\/resinas-epoxi\/kemipox-pinsecor-65d\/\"><b>Kemipox Pinsecor-65D:<\/b><\/a> Resina epoxi color base solvente para pintado de suelos. <a href=\"http:\/\/novakemio.com\/productos\/resinas\/resinas-epoxi\/kemipox-pinsecor-65d\/\">+M\u00e1s Info<\/a><\/td><\/tr>\r\n    <\/tbody>\r\n<\/table><\/p>\n","protected":false},"excerpt":{"rendered":"<p>\u00a0 \u00a0 Ref.PRODUCTO 4001ABKemipox Neutro: Resina epoxi transparente para fondos, morteros y capas intermedias. +M\u00e1s Info4002ABKemipox Intercor:Resina epoxi coloreada, para capas intermedias. +M\u00e1s Info4003ABKemipox Rescor: Resina epoxi coloreada para acabados. +M\u00e1s Info4004ABKemipox Primer: Resina epoxi transparente para imprimaciones. +M\u00e1s Info4005Arena Natural: \u00c1rido de cuarzo de diferentes granulometr\u00edas. +M\u00e1s Info4006Kemiquarz: \u00c1rido de cuarzo coloreado de diferentes [&hellip;]<\/p>\n","protected":false},"author":1,"featured_media":0,"parent":2849,"menu_order":0,"comment_status":"closed","ping_status":"closed","template":"","meta":{"_et_pb_use_builder":"off","_et_pb_old_content":"","_et_gb_content_width":"","footnotes":""},"class_list":["post-2946","page","type-page","status-publish","hentry"],"aioseo_notices":[],"_links":{"self":[{"href":"https:\/\/novakemio.com\/en\/wp-json\/wp\/v2\/pages\/2946","targetHints":{"allow":["GET"]}}],"collection":[{"href":"https:\/\/novakemio.com\/en\/wp-json\/wp\/v2\/pages"}],"about":[{"href":"https:\/\/novakemio.com\/en\/wp-json\/wp\/v2\/types\/page"}],"author":[{"embeddable":true,"href":"https:\/\/novakemio.com\/en\/wp-json\/wp\/v2\/users\/1"}],"replies":[{"embeddable":true,"href":"https:\/\/novakemio.com\/en\/wp-json\/wp\/v2\/comments?post=2946"}],"version-history":[{"count":2,"href":"https:\/\/novakemio.com\/en\/wp-json\/wp\/v2\/pages\/2946\/revisions"}],"predecessor-version":[{"id":2949,"href":"https:\/\/novakemio.com\/en\/wp-json\/wp\/v2\/pages\/2946\/revisions\/2949"}],"up":[{"embeddable":true,"href":"https:\/\/novakemio.com\/en\/wp-json\/wp\/v2\/pages\/2849"}],"wp:attachment":[{"href":"https:\/\/novakemio.com\/en\/wp-json\/wp\/v2\/media?parent=2946"}],"curies":[{"name":"wp","href":"https:\/\/api.w.org\/{rel}","templated":true}]}}