{"id":2415,"date":"2016-12-07T16:48:47","date_gmt":"2016-12-07T16:48:47","guid":{"rendered":"http:\/\/novakemio.com\/?page_id=2415\/"},"modified":"2016-12-07T16:48:47","modified_gmt":"2016-12-07T16:48:47","slug":"chemical-products","status":"publish","type":"page","link":"https:\/\/novakemio.com\/en\/products\/chemical-products\/","title":{"rendered":"Chemical Products"},"content":{"rendered":"<p><img loading=\"lazy\" decoding=\"async\" class=\"alignnone size-full wp-image-1503\" title=\"Chemical Products\" src=\"https:\/\/novakemio.com\/wp-content\/uploads\/2013\/01\/seccion_quimicos.jpg\" alt=\"Chemical Products\" width=\"675\" height=\"100\" srcset=\"https:\/\/novakemio.com\/wp-content\/uploads\/2013\/01\/seccion_quimicos.jpg 675w, https:\/\/novakemio.com\/wp-content\/uploads\/2013\/01\/seccion_quimicos-300x44.jpg 300w\" sizes=\"(max-width: 675px) 100vw, 675px\" \/><\/p>\n<div class=\"et_pb_text et_pb_module et_pb_bg_layout_light et_pb_text_align_left  et_pb_text_1\">\n<p>Waterproofing agents, bridging resin, water repellents, additives for construction, varnishes, paints, solvents, etc.<\/p>\n<p><table id=\"table_14357031\" width=\"100%\" class=\"display\"><thead><tr><th>Ref.<\/th><th>PRODUCTO<\/th><\/tr>\r\n    <\/thead>\r\n    <tbody>\r\n\t\r\n\t<script type=\"text\/javascript\" charset=\"utf-8\">\r\n jQuery(document).ready(function() {\r\n    jQuery('#table_14357031').DataTable( {\"destroy\": true,\"bPaginate\": false,\"bLengthChange\": true,\"bFilter\": false,\"bSort\": false,\"bInfo\": false,\"bStateSave\": true,\"bAutoWidth\": false,\"sPaginationType\": \"full_numbers\",\"oLanguage\": {\r\n\t\t\t\"sLengthMenu\": \"Display _MENU_ records per page\",\r\n\t\t\t\"sZeroRecords\": \"Sin resultados - lo sentimos\",\r\n\t\t\t\"sInfo\": \"Mostrando _TOTAL_ productos\",\r\n\t\t\t\"sInfoEmpty\": \"Mostrando 0 a 0 de 0 productos\",\r\n                        \"sSearch\": \"Buscar: \",\r\n\t\t\t\"sInfoFiltered\": \"(de _MAX_ productos)\"\r\n\t\t}} );\r\n});\r\n <\/script><tr><td>3001<\/td><td><a href=\"http:\/\/novakemio.com\/productos\/productos-quimicos\/elastikem\/\"><b>ELASTIKEM:<\/b><\/a> Elast\u00f3mero impermeabilizante. <a href=\"http:\/\/novakemio.com\/productos\/productos-quimicos\/elastikem\/\">+M\u00e1s Info<\/a><\/td><\/tr><tr><td>3002<\/td><td><b><a href=\"http:\/\/novakemio.com\/productos\/productos-quimicos\/resikem\/\">RESIKEM:<\/a><\/b> Resina de uni\u00f3n para morteros y hormigones. <a href=\"http:\/\/novakemio.com\/productos\/productos-quimicos\/resikem\/\">+M\u00e1s Info<\/a><\/td><\/tr><tr><td>3003<\/td><td><b><a href=\"http:\/\/novakemio.com\/productos\/productos-quimicos\/impolkem\/\">IMPOLKEM: <\/a><\/b>Impermeabilizante l\u00edquido. <a href=\"http:\/\/novakemio.com\/productos\/productos-quimicos\/impolkem\/\">+M\u00e1s Info<\/a><\/td><\/tr><tr><td>3004<\/td><td><b><a href=\"http:\/\/novakemio.com\/productos\/productos-quimicos\/hidrokem\/\">HIDROKEM:<\/a><\/b> Aditivo hidrofugante para morteros y hormigones. <a href=\"http:\/\/novakemio.com\/productos\/productos-quimicos\/impolkem\/\">+M\u00e1s Info<\/a><\/td><\/tr><tr><td>3005<\/td><td><b><a href=\"http:\/\/novakemio.com\/productos\/productos-quimicos\/airkem\/\">AIRKEM:<\/a> <\/b>Aditivo plastificante para morteros y hormigones. <a href=\"http:\/\/novakemio.com\/productos\/productos-quimicos\/airkem\/\">+M\u00e1s Info<\/a><\/td><\/tr><tr><td>3006<\/td><td><b><a href=\"http:\/\/novakemio.com\/productos\/productos-quimicos\/imperkem\/\">IMPERKEM:<\/a><\/b>  Hidrofugante para fachadas. <a href=\"http:\/\/novakemio.com\/productos\/productos-quimicos\/imperkem\/\">+M\u00e1s Info<\/a><\/td><\/tr><tr><td>3007<\/td><td><b><a href=\"http:\/\/novakemio.com\/productos\/productos-quimicos\/desmolkem\/\">DESMOLKEM:<\/a><\/b> Desencofrante concentrado. <a href=\"http:\/\/novakemio.com\/productos\/productos-quimicos\/desmolkem\/\">+M\u00e1s Info<\/a><\/td><\/tr><tr><td>3008<\/td><td><b><a href=\"http:\/\/novakemio.com\/productos\/productos-quimicos\/kemicem-imper\/\">KEMICEM IMPER:<\/a><\/b> Mortero impermeabilizante. <a href=\"http:\/\/novakemio.com\/productos\/productos-quimicos\/kemicem-imper\/\">+M\u00e1s Info<\/a><\/td><\/tr><tr><td>3009<\/td><td><b><a href=\"http:\/\/novakemio.com\/productos\/productos-quimicos\/kemicem-obtur\/\">KEMICEM OBTUR:<\/a><\/b> Cemento r\u00e1pido obturador de v\u00edas de agua. <a href=\"http:\/\/novakemio.com\/productos\/productos-quimicos\/kemicem-obtur\/\">+M\u00e1s Info<\/a><\/td><\/tr><tr><td>3010<\/td><td><b><a href=\"http:\/\/novakemio.com\/productos\/productos-quimicos\/kemicem-super\/\">KEMICEM SUPER:<\/a><\/b> Mortero de anclaje de fraguado r\u00e1pido. <a href=\"http:\/\/novakemio.com\/productos\/productos-quimicos\/kemicem-super\/\">+M\u00e1s Info<\/a><\/td><\/tr><tr><td>3011<\/td><td><b><a href=\"http:\/\/novakemio.com\/productos\/productos-quimicos\/termikem\/\">TERMIKEM:<\/a><\/b> Revestimiento aislante t\u00e9rmico. <a href=\"http:\/\/novakemio.com\/productos\/productos-quimicos\/termikem\/\">+M\u00e1s Info<\/a><\/td><\/tr><tr><td>3012<\/td><td><b><a href=\"http:\/\/novakemio.com\/productos\/productos-quimicos\/kemicem-imperflex\/\">KEMICEM IMPERFLEX:<\/a><\/b> Mortero flexible impermeabilizante. <a href=\"http:\/\/novakemio.com\/productos\/productos-quimicos\/kemicem-imperflex\/\">+M\u00e1s Info<\/a><\/td><\/tr><tr><td>3013<\/td><td><b><a href=\"http:\/\/novakemio.com\/productos\/productos-quimicos\/cleancem\/\">CLEANCEM:<\/a><\/b> Limpiador de cementos, piedra, verd\u00edn. <a href=\"http:\/\/novakemio.com\/productos\/productos-quimicos\/cleancem\/\">+M\u00e1s Info<\/a><\/td><\/tr><tr><td>3014<\/td><td><b><a href=\"http:\/\/novakemio.com\/productos\/productos-quimicos\/fixakem\/\">FIXAKEM:<\/a><\/b> Fijador epoxi para anclajes r\u00e1pidos. <a href=\"http:\/\/novakemio.com\/productos\/productos-quimicos\/fixakem\/\">+M\u00e1s Info<\/a><\/td><\/tr><tr><td>3015<\/td><td><b><a href=\"http:\/\/novakemio.com\/productos\/productos-quimicos\/masikem\/\">MASIKEM:<\/a> <\/b>Sellador el\u00e1stico multiuso. <a href=\"http:\/\/novakemio.com\/productos\/productos-quimicos\/masikem\/\">+M\u00e1s Info<\/a><\/td><\/tr><tr><td>3016<\/td><td><b><a href=\"http:\/\/novakemio.com\/productos\/productos-quimicos\/fivikem\/\">FIVIKEM:<\/a><\/b> Fibra de vidrio. <a href=\"http:\/\/novakemio.com\/productos\/productos-quimicos\/fivikem\/\">+M\u00e1s Info<\/a><\/td><\/tr><tr><td>3017<\/td><td><b><a href=\"http:\/\/novakemio.com\/productos\/productos-quimicos\/reduplast\/\">REDUPLAST: <\/a><\/b>Aditivo l\u00edquido reductor de agua-superplastificante. <a href=\"http:\/\/novakemio.com\/productos\/productos-quimicos\/reduplast\/\">+M\u00e1s Info<\/a><\/td><\/tr><tr><td>3018<\/td><td><b><a href=\"http:\/\/novakemio.com\/productos\/productos-quimicos\/impolkem-trans\/\">IMPOLKEM TRANS: <\/a><\/b>Impermeabilizante l\u00edquido. <a href=\"http:\/\/novakemio.com\/productos\/productos-quimicos\/impolkem-trans\/\">+M\u00e1s Info<\/a><\/td><\/tr><tr><td>3019<\/td><td><b><a href=\"http:\/\/novakemio.com\/productos\/productos-quimicos\/oleokem\/\">OLEOKEM: <\/a><\/b>Oleofugante-hidrofugante para superficies minerales. <a href=\"http:\/\/novakemio.com\/productos\/productos-quimicos\/oleokem\/\">+M\u00e1s Info<\/a><\/td><\/tr><tr><td>3020<\/td><td><b><a href=\"http:\/\/novakemio.com\/productos\/productos-quimicos\/kemiprim\/\">KEMIPRIM:<\/a><\/b> Imprimaci\u00f3n-fijador base acuosa. <a href=\"http:\/\/novakemio.com\/productos\/productos-quimicos\/kemiprim\/\">+M\u00e1s Info<\/a><\/td><\/tr><tr><td>3021<\/td><td><b><a href=\"http:\/\/novakemio.com\/productos\/productos-quimicos\/acridur\/\">ACRIDUR:<\/a><\/b> Barniz para sellado de hormig\u00f3n y hormig\u00f3n impreso. <a href=\"http:\/\/novakemio.com\/productos\/productos-quimicos\/acridur\/\">+M\u00e1s Info<\/a><\/td><\/tr><tr><td>3022<\/td><td><b><a href=\"http:\/\/novakemio.com\/productos\/productos-quimicos\/disolkem\/\">DISOLKEM: <\/a><\/b>Disolvente para limpieza y diluci\u00f3n. <a href=\"http:\/\/novakemio.com\/productos\/productos-quimicos\/disolkem\/\">+M\u00e1s Info<\/a><\/td><\/tr><tr><td>3023<\/td><td><b><a href=\"http:\/\/novakemio.com\/productos\/productos-quimicos\/revexkem\/\">REVEXKEM:<\/a><\/b> Pintura impermeabilizante de fachadas. <a href=\"http:\/\/novakemio.com\/productos\/productos-quimicos\/revexkem\/\">+M\u00e1s Info<\/a><\/td><\/tr><tr><td>3024<\/td><td><b><a href=\"http:\/\/novakemio.com\/productos\/productos-quimicos\/asflakem\/\">ASFALKEM: <\/a><\/b>Pintura asf\u00e1ltica para muros enterrados. <a href=\"http:\/\/novakemio.com\/productos\/productos-quimicos\/asfalkem\/\">+M\u00e1s Info<\/a><\/td><\/tr><tr><td>3025M<\/td><td><b><a href=\"http:\/\/novakemio.com\/productos\/productos-quimicos\/fungilast-m\/\">FUNGILAST-M:<\/a><\/b> Impermeabilizante de fachadas. <a href=\"http:\/\/novakemio.com\/productos\/productos-quimicos\/fungilast-m\/\">+M\u00e1s Info<\/a><\/td><\/tr><tr><td>3026<\/td><td><b><a href=\"http:\/\/novakemio.com\/productos\/productos-quimicos\/kemicril-s\/\">KEMICRIL- S:<\/a><\/b> Pintura acr\u00edlica para suelos. <a href=\"http:\/\/novakemio.com\/productos\/productos-quimicos\/kemicril-s\/\">+M\u00e1s Info<\/a><\/td><\/tr><tr><td>3027<\/td><td><b><a href=\"http:\/\/novakemio.com\/productos\/productos-quimicos\/barnicril-d\/\">BARNICRIL-D: <\/a><\/b>L\u00edquido consolidante de piedra. <a href=\"http:\/\/novakemio.com\/productos\/productos-quimicos\/barnicril-d\/\">+M\u00e1s Info<\/a><\/td><\/tr><tr><td>3028<\/td><td><b><a href=\"http:\/\/novakemio.com\/productos\/productos-quimicos\/kemicril-decora\/\">KEMICRIL DECORA:<\/a><\/b> Pintura decorativa de interiores. <a href=\"http:\/\/novakemio.com\/productos\/productos-quimicos\/kemicril-decora\/\">+M\u00e1s Info<\/a><\/td><\/tr><tr><td>3031<\/td><td><b><a href=\"http:\/\/novakemio.com\/productos\/productos-quimicos\/elastikem-trans\/\">ELASTIKEM- TRANS:<\/a><\/b> Elast\u00f3mero impermeabilizante transparente. <a href=\"http:\/\/novakemio.com\/productos\/productos-quimicos\/elastikem-trans\/\">+M\u00e1s Info<\/a><\/td><\/tr><tr><td>3032<\/td><td><b><a href=\"http:\/\/novakemio.com\/productos\/productos-quimicos\/acridur-50\/\">ACRIDUR 50:<\/a><\/b> Barniz antipolvo. <a href=\"http:\/\/novakemio.com\/productos\/productos-quimicos\/acridur-50\/\">+M\u00e1s Info<\/a><\/td><\/tr><tr><td>3033<\/td><td><b><a href=\"http:\/\/novakemio.com\/productos\/productos-quimicos\/kemiprim-ceramico\/\">KEMIPRIM CERAMICO:<\/a><\/b> Imprimaci\u00f3n para superficies sin poro. <a href=\"http:\/\/novakemio.com\/productos\/productos-quimicos\/kemiprim-ceramico\/\">+M\u00e1s Info<\/a><\/td><\/tr><tr><td>3034<\/td><td><b><a href=\"http:\/\/novakemio.com\/productos\/productos-quimicos\/decapak\/\">DECAPAK:<\/a><\/b> Decapante de pinturas y barnices. <a href=\"http:\/\/novakemio.com\/productos\/productos-quimicos\/decapak\/\">+M\u00e1s Info<\/a><\/td><\/tr><tr><td>3035<\/td><td><b><a href=\"http:\/\/novakemio.com\/productos\/productos-quimicos\/elastikem-500\/\">ELASTIKEM-500:<\/a><\/b> Impermeabilizante para exterior- interior. <a href=\"http:\/\/novakemio.com\/productos\/elastikem-500\/vitrikem\/\">+M\u00e1s Info<\/a><\/td><\/tr><tr><td>3036<\/td><td><b><a href=\"http:\/\/novakemio.com\/productos\/productos-quimicos\/fluidikem\/\">FLUIDIKEM:<\/a><\/b> Aditivo fluidificante- plastificante para hormigones. <a href=\"http:\/\/novakemio.com\/productos\/productos-quimicos\/fluidikem\/\">+M\u00e1s Info<\/a><\/td><\/tr><tr><td>3037<\/td><td><b><a href=\"http:\/\/novakemio.com\/productos\/productos-quimicos\/vitrikem\/\">VITRIKEM:<\/a><\/b> L\u00edquido eliminador de esmaltes y vitrificados. <a href=\"http:\/\/novakemio.com\/productos\/productos-quimicos\/vitrikem\/\">+M\u00e1s Info<\/a><\/td><\/tr><tr><td>3039<\/td><td><b><a href=\"http:\/\/novakemio.com\/productos\/productos-quimicos\/kemipur-impolkem-2k\/\">KEMIPUR IMPOLKEM 2K:<\/a><\/b> L\u00e1mina de poliuretano flexible bicomponente para impermeabilizaci\u00f3n. <a href=\"http:\/\/novakemio.com\/productos\/productos-quimicos\/kemipur-impolkem-2k\/\">+M\u00e1s Info<\/a><\/td><\/tr>\r\n    <\/tbody>\r\n<\/table><\/p>\n<\/div>\n","protected":false},"excerpt":{"rendered":"<p>Waterproofing agents, bridging resin, water repellents, additives for construction, varnishes, paints, solvents, etc. Ref.PRODUCTO 3001ELASTIKEM: Elast\u00f3mero impermeabilizante. +M\u00e1s Info3002RESIKEM: Resina de uni\u00f3n para morteros y hormigones. +M\u00e1s Info3003IMPOLKEM: Impermeabilizante l\u00edquido. +M\u00e1s Info3004HIDROKEM: Aditivo hidrofugante para morteros y hormigones. +M\u00e1s Info3005AIRKEM: Aditivo plastificante para morteros y hormigones. +M\u00e1s Info3006IMPERKEM: Hidrofugante para fachadas. +M\u00e1s Info3007DESMOLKEM: Desencofrante concentrado. [&hellip;]<\/p>\n","protected":false},"author":1,"featured_media":0,"parent":1709,"menu_order":0,"comment_status":"closed","ping_status":"closed","template":"","meta":{"_et_pb_use_builder":"","_et_pb_old_content":"","_et_gb_content_width":"","footnotes":""},"class_list":["post-2415","page","type-page","status-publish","hentry"],"aioseo_notices":[],"_links":{"self":[{"href":"https:\/\/novakemio.com\/en\/wp-json\/wp\/v2\/pages\/2415","targetHints":{"allow":["GET"]}}],"collection":[{"href":"https:\/\/novakemio.com\/en\/wp-json\/wp\/v2\/pages"}],"about":[{"href":"https:\/\/novakemio.com\/en\/wp-json\/wp\/v2\/types\/page"}],"author":[{"embeddable":true,"href":"https:\/\/novakemio.com\/en\/wp-json\/wp\/v2\/users\/1"}],"replies":[{"embeddable":true,"href":"https:\/\/novakemio.com\/en\/wp-json\/wp\/v2\/comments?post=2415"}],"version-history":[{"count":1,"href":"https:\/\/novakemio.com\/en\/wp-json\/wp\/v2\/pages\/2415\/revisions"}],"predecessor-version":[{"id":2416,"href":"https:\/\/novakemio.com\/en\/wp-json\/wp\/v2\/pages\/2415\/revisions\/2416"}],"up":[{"embeddable":true,"href":"https:\/\/novakemio.com\/en\/wp-json\/wp\/v2\/pages\/1709"}],"wp:attachment":[{"href":"https:\/\/novakemio.com\/en\/wp-json\/wp\/v2\/media?parent=2415"}],"curies":[{"name":"wp","href":"https:\/\/api.w.org\/{rel}","templated":true}]}}