{"id":1726,"date":"2013-01-24T18:12:30","date_gmt":"2013-01-24T18:12:30","guid":{"rendered":"http:\/\/novakemio.com\/en\/?page_id=1726"},"modified":"2016-12-09T18:17:01","modified_gmt":"2016-12-09T18:17:01","slug":"flooring","status":"publish","type":"page","link":"https:\/\/novakemio.com\/en\/products\/flooring\/","title":{"rendered":"Flooring"},"content":{"rendered":"<p><img loading=\"lazy\" decoding=\"async\" class=\"alignnone size-full wp-image-1501\" title=\"Pavimentos\" src=\"https:\/\/novakemio.com\/wp-content\/uploads\/2013\/01\/seccion_pavimentos.jpg\" alt=\"\" width=\"675\" height=\"100\" srcset=\"https:\/\/novakemio.com\/wp-content\/uploads\/2013\/01\/seccion_pavimentos.jpg 675w, https:\/\/novakemio.com\/wp-content\/uploads\/2013\/01\/seccion_pavimentos-300x44.jpg 300w\" sizes=\"(max-width: 675px) 100vw, 675px\" \/><\/p>\n<p>Multi-layered epoxy flooring with color\u00a0aggregates, choice of colors, multicolor or monocolor, self-leveling, polyurethane flooring&#8230;<\/p>\n<p><table id=\"table_54834098\" width=\"100%\" class=\"display\"><thead><tr><th>Ref.<\/th><th>PRODUCTO<\/th><\/tr>\r\n    <\/thead>\r\n    <tbody>\r\n\t\r\n\t<script type=\"text\/javascript\" charset=\"utf-8\">\r\n jQuery(document).ready(function() {\r\n    jQuery('#table_54834098').DataTable( {\"destroy\": true,\"bPaginate\": false,\"bLengthChange\": false,\"bFilter\": false,\"bSort\": false,\"bInfo\": false,\"bStateSave\": true,\"bAutoWidth\": true,\"sPaginationType\": \"full_numbers\",\"oLanguage\": {\r\n\t\t\t\"sLengthMenu\": \"Display _MENU_ records per page\",\r\n\t\t\t\"sZeroRecords\": \"Sin resultados - lo sentimos\",\r\n\t\t\t\"sInfo\": \"Mostrando _TOTAL_ productos\",\r\n\t\t\t\"sInfoEmpty\": \"Mostrando 0 a 0 de 0 productos\",\r\n                        \"sSearch\": \"Buscar: \",\r\n\t\t\t\"sInfoFiltered\": \"(de _MAX_ productos)\"\r\n\t\t}} );\r\n});\r\n <\/script><tr><td>4901<\/td><td><a href=\"http:\/\/novakemio.com\/pavimentos\/kemifloor-multicolor-3m\/\"><b>Kemifloor Multicolor 3M:<\/b><\/a> Pavimento multicapa epoxi con acabado en \u00e1ridos de colores en espesor 3-4 mm. <a href=\"http:\/\/novakemio.com\/pavimentos\/kemifloor-multicolor-3m\/\">+M\u00e1s Info<\/a><\/td><\/tr><tr><td>4902<\/td><td><a href=\"http:\/\/novakemio.com\/pavimentos\/kemifloor-nivelpox-3m\/\"><b>Kemifloor Nivelpox 3M:<\/b><\/a> Pavimento multicapa epoxi autonivelante. <a href=\"http:\/\/novakemio.com\/pavimentos\/kemifloor-nivelpox-3m\/\">+M\u00e1s Info<\/a><\/td><\/tr><tr><td>4903<\/td><td><a href=\"http:\/\/novakemio.com\/pavimentos\/kemifloor-monocolor-3m\/\"><b>Kemifloor Monocolor 3M:<\/b><\/a> Pavimento mulitcapa epoxi con acabado en color a elegir de espesor 3-4 mm. <a href=\"http:\/\/novakemio.com\/pavimentos\/kemifloor-monocolor-3m\/\">+M\u00e1s Info<\/a><\/td><\/tr><tr><td>4904<\/td><td><a href=\"http:\/\/novakemio.com\/pavimentos\/kemifloor-multicolor-2m\/\"><b>Kemifloor Multicolor 2M:<\/b><\/a> Pavimento multicapa epoxi con acabado en multicolor en espesor 2-2,5 mm. <a href=\"http:\/\/novakemio.com\/pavimentos\/kemifloor-multicolor-2m\/\">+M\u00e1s Info<\/a><\/td><\/tr><tr><td>4905<\/td><td><a href=\"http:\/\/novakemio.com\/pavimentos\/kemifloor-monocolor-2m\/\"><b>Kemifloor monocolor 2M:<\/b><\/a> Pavimento multicapa epoxi con acabado en monocolor en espesor 2-2,5 mm. <a href=\"http:\/\/novakemio.com\/pavimentos\/kemifloor-monocolor-2m\/\">+M\u00e1s Info<\/a><\/td><\/tr><tr><td>4906<\/td><td><a href=\"http:\/\/novakemio.com\/pavimentos\/kemifloor-conductivo\/\"><b>Kemifloor Conductivo:<\/b><\/a> Pavimento multicapa epoxi conductivo. <a href=\"http:\/\/novakemio.com\/pavimentos\/kemifloor-conductivo\/\">+M\u00e1s Info<\/a><\/td><\/tr><tr><td>4907<\/td><td><a href=\"http:\/\/novakemio.com\/pavimentos\/kemifloor-terrazo\/\"><b>Kemifloor Terrazo:<\/b><\/a> Pavimento continuo para suelos de alta decoraci\u00f3n. <a href=\"http:\/\/novakemio.com\/pavimentos\/kemifloor-terrazo\/\">+M\u00e1s Info<\/a><\/td><\/tr><tr><td>4908<\/td><td><a href=\"http:\/\/novakemio.com\/pavimentos\/kemifloor-conforplus\/\"><b>Kemifloor Conforplus:<\/b><\/a> Pavimento continuo superconfortable de poliuretano flexible, acabado brillo o mate. <a href=\"http:\/\/novakemio.com\/pavimentos\/kemifloor-conforplus\/\">+M\u00e1s Info<\/a><\/td><\/tr><tr><td>4909<\/td><td><a href=\"http:\/\/novakemio.com\/pavimentos\/kemifloor-conforpol\/\"><b>Kemifloor Conforpol:<\/b><\/a> Pavimento continuo confortable de poliuretano flexible, acabado brillo o mate. <a href=\"http:\/\/novakemio.com\/pavimentos\/kemifloor-conforpol\/\">+M\u00e1s Info<\/a><\/td><\/tr><tr><td>4910<\/td><td><a href=\"http:\/\/novakemio.com\/pavimentos\/kemifloor-nivelpol\/\"><b>Kemifloor Nivelpol:<\/b><\/a> Pavimento multicapas poliuretano autonivelante. <a href=\"http:\/\/novakemio.com\/pavimentos\/kemifloor-nivelpol\/\">+M\u00e1s Info<\/a><\/td><\/tr><tr><td>4911<\/td><td><a href=\"http:\/\/novakemio.com\/pavimentos\/kemifloor-pavimpol\/\"><b>Kemifloor Pavimpol:<\/b><\/a> Pavimento multicapa continuo antideslizante con impermeabilizaci\u00f3n en acabados Monocolor y Multicolor. <a href=\"http:\/\/novakemio.com\/pavimentos\/kemifloor-pavimpol\/\">+M\u00e1s Info<\/a><\/td><\/tr><tr><td>4912<\/td><td><a href=\"http:\/\/novakemio.com\/pavimentos\/kemifloor-pavaspol\/\"><b>Kemifloor Pavaspol:<\/b><\/a> Pavimento multicapas continuo antideslizante sobre soportes asf\u00e1lticos. <a href=\"http:\/\/novakemio.com\/pavimentos\/kemifloor-pavaspol\/\">+M\u00e1s Info<\/a><\/td><\/tr><tr><td>4913<\/td><td><a href=\"http:\/\/novakemio.com\/pavimentos\/kemifloor-pavigom\/\"><b>Kemifloor Pavigom:<\/b><\/a> Pavimento continuo elastom\u00e9rico con caucho, dise\u00f1os personalizados en colores y formas. <a href=\"http:\/\/novakemio.com\/pavimentos\/kemifloor-pavigom\/\">+M\u00e1s Info<\/a><\/td><\/tr><tr><td>4914<\/td><td><a href=\"http:\/\/novakemio.com\/pavimentos\/media-cana\/\"><b>Media Ca\u00f1a:<\/b><\/a> Media ca\u00f1a sanitaria con resinas. <a href=\"http:\/\/novakemio.com\/pavimentos\/media-cana\/\">+M\u00e1s Info<\/a><\/td><\/tr><tr><td>4918<\/td><td><a href=\"http:\/\/novakemio.com\/pavimentos\/kemifloor-metacrilato-25\/\"><b>Kemifloor Metacrilato-25:<\/b><\/a> Pavimento multicapas antideslizante de curado r\u00e1pido con temperatura de aplicaci\u00f3n hasta -30\u00baC. <a href=\"http:\/\/novakemio.com\/pavimentos\/kemifloor-metacrilato-25\/\">+M\u00e1s Info<\/a><\/td><\/tr><tr><td>4923<\/td><td><a href=\"http:\/\/novakemio.com\/pavimentos\/kemifloor-multiflex\/\"><b>Kemifloor Multiflex:<\/b><\/a> Pavimento multicapas flexible. <a href=\"http:\/\/novakemio.com\/pavimentos\/kemifloor-multiflex\/\">+M\u00e1s Info<\/a><\/td><\/tr>\r\n    <\/tbody>\r\n<\/table><\/p>\n","protected":false},"excerpt":{"rendered":"<p>Multi-layered epoxy flooring with color\u00a0aggregates, choice of colors, multicolor or monocolor, self-leveling, polyurethane flooring&#8230; Ref.PRODUCTO 4901Kemifloor Multicolor 3M: Pavimento multicapa epoxi con acabado en \u00e1ridos de colores en espesor 3-4 mm. +M\u00e1s Info4902Kemifloor Nivelpox 3M: Pavimento multicapa epoxi autonivelante. +M\u00e1s Info4903Kemifloor Monocolor 3M: Pavimento mulitcapa epoxi con acabado en color a elegir de espesor 3-4 [&hellip;]<\/p>\n","protected":false},"author":1,"featured_media":0,"parent":1709,"menu_order":0,"comment_status":"closed","ping_status":"closed","template":"","meta":{"_et_pb_use_builder":"","_et_pb_old_content":"","_et_gb_content_width":"","footnotes":""},"class_list":["post-1726","page","type-page","status-publish","hentry"],"aioseo_notices":[],"_links":{"self":[{"href":"https:\/\/novakemio.com\/en\/wp-json\/wp\/v2\/pages\/1726","targetHints":{"allow":["GET"]}}],"collection":[{"href":"https:\/\/novakemio.com\/en\/wp-json\/wp\/v2\/pages"}],"about":[{"href":"https:\/\/novakemio.com\/en\/wp-json\/wp\/v2\/types\/page"}],"author":[{"embeddable":true,"href":"https:\/\/novakemio.com\/en\/wp-json\/wp\/v2\/users\/1"}],"replies":[{"embeddable":true,"href":"https:\/\/novakemio.com\/en\/wp-json\/wp\/v2\/comments?post=1726"}],"version-history":[{"count":4,"href":"https:\/\/novakemio.com\/en\/wp-json\/wp\/v2\/pages\/1726\/revisions"}],"predecessor-version":[{"id":2854,"href":"https:\/\/novakemio.com\/en\/wp-json\/wp\/v2\/pages\/1726\/revisions\/2854"}],"up":[{"embeddable":true,"href":"https:\/\/novakemio.com\/en\/wp-json\/wp\/v2\/pages\/1709"}],"wp:attachment":[{"href":"https:\/\/novakemio.com\/en\/wp-json\/wp\/v2\/media?parent=1726"}],"curies":[{"name":"wp","href":"https:\/\/api.w.org\/{rel}","templated":true}]}}