{"id":1693,"date":"2013-01-24T13:37:13","date_gmt":"2013-01-24T13:37:13","guid":{"rendered":"http:\/\/novakemio.com\/en\/?page_id=1693"},"modified":"2019-02-28T11:13:46","modified_gmt":"2019-02-28T11:13:46","slug":"contact","status":"publish","type":"page","link":"https:\/\/novakemio.com\/en\/contact\/","title":{"rendered":"Contact"},"content":{"rendered":"<p>[et_pb_section fb_built=&#8221;1&#8243; custom_padding_last_edited=&#8221;on|desktop&#8221; admin_label=&#8221;section&#8221; _builder_version=&#8221;3.0.74&#8243; custom_padding=&#8221;10px|0px|30px|0px&#8221; custom_padding_tablet=&#8221;50px|0|50px|0&#8243; custom_padding_phone=&#8221;10px|0px|20px|0px&#8221; transparent_background=&#8221;off&#8221; padding_mobile=&#8221;off&#8221;][et_pb_row custom_padding=&#8221;10px|0px|0px|0px&#8221; padding_mobile=&#8221;off&#8221; column_padding_mobile=&#8221;on&#8221; admin_label=&#8221;row&#8221; _builder_version=&#8221;3.0.47&#8243; background_size=&#8221;initial&#8221; background_position=&#8221;top_left&#8221; background_repeat=&#8221;repeat&#8221;][et_pb_column type=&#8221;4_4&#8243; _builder_version=&#8221;3.0.47&#8243;][et_pb_text _builder_version=&#8221;3.0.47&#8243; background_size=&#8221;initial&#8221; background_position=&#8221;top_left&#8221; background_repeat=&#8221;repeat&#8221; module_alignment=&#8221;left&#8221;]<\/p>\n<div class=\"breadcrumbs\"><a title=\"Ir a NovaKemio.\" href=\"https:\/\/novakemio.com\/en\/\" class=\"home\">NovaKemio<\/a> &gt; <a title=\"Go to Noticias.\" href=\"https:\/\/novakemio.com\/noticias\/\" class=\"post-root post post-post\">Noticias<\/a><\/div>\n<p>[\/et_pb_text][\/et_pb_column][\/et_pb_row][et_pb_row custom_padding=&#8221;20px|0px|20px|0px&#8221; custom_padding_tablet=&#8221;20px|0px|4px|0px&#8221; custom_padding_phone=&#8221;20px|0px|0px|0px&#8221; padding_mobile=&#8221;off&#8221; column_padding_mobile=&#8221;on&#8221; admin_label=&#8221;row&#8221; _builder_version=&#8221;3.0.47&#8243; background_size=&#8221;initial&#8221; background_position=&#8221;top_left&#8221; background_repeat=&#8221;repeat&#8221;][et_pb_column type=&#8221;2_3&#8243; _builder_version=&#8221;3.0.47&#8243;][et_pb_contact_form email=&#8221;info@novakemio.com&#8221; title=&#8221;Contact Form&#8221; admin_label=&#8221;Contact Form&#8221; module_id=&#8221;et_pb_contact_form_0&#8243; _builder_version=&#8221;3.0.87&#8243; title_font_size=&#8221;30px&#8221; border_radii=&#8221;on|0px|0px|0px|0px&#8221; custom_button=&#8221;on&#8221; border_style=&#8221;solid&#8221; input_border_radius=&#8221;0&#8243; button_letter_spacing_hover=&#8221;0&#8243;][et_pb_contact_field field_id=&#8221;Name&#8221; field_title=&#8221;Name&#8221; _builder_version=&#8221;3.16&#8243; form_field_font=&#8221;||||&#8221; border_radii=&#8221;on||||&#8221; use_border_color=&#8221;off&#8221; border_style=&#8221;solid&#8221; button_text_size__hover_enabled=&#8221;off&#8221; button_one_text_size__hover_enabled=&#8221;off&#8221; button_two_text_size__hover_enabled=&#8221;off&#8221; button_text_color__hover_enabled=&#8221;off&#8221; button_one_text_color__hover_enabled=&#8221;off&#8221; button_two_text_color__hover_enabled=&#8221;off&#8221; button_border_width__hover_enabled=&#8221;off&#8221; button_one_border_width__hover_enabled=&#8221;off&#8221; button_two_border_width__hover_enabled=&#8221;off&#8221; button_border_color__hover_enabled=&#8221;off&#8221; button_one_border_color__hover_enabled=&#8221;off&#8221; button_two_border_color__hover_enabled=&#8221;off&#8221; button_border_radius__hover_enabled=&#8221;off&#8221; button_one_border_radius__hover_enabled=&#8221;off&#8221; button_two_border_radius__hover_enabled=&#8221;off&#8221; button_letter_spacing__hover_enabled=&#8221;off&#8221; button_one_letter_spacing__hover_enabled=&#8221;off&#8221; button_two_letter_spacing__hover_enabled=&#8221;off&#8221; button_bg_color__hover_enabled=&#8221;off&#8221; button_one_bg_color__hover_enabled=&#8221;off&#8221; button_two_bg_color__hover_enabled=&#8221;off&#8221;] [\/et_pb_contact_field][et_pb_contact_field field_id=&#8221;Email&#8221; field_title=&#8221;Email&#8221; field_type=&#8221;email&#8221; _builder_version=&#8221;3.16&#8243; form_field_font=&#8221;||||&#8221; border_radii=&#8221;on||||&#8221; use_border_color=&#8221;off&#8221; border_style=&#8221;solid&#8221; button_text_size__hover_enabled=&#8221;off&#8221; button_one_text_size__hover_enabled=&#8221;off&#8221; button_two_text_size__hover_enabled=&#8221;off&#8221; button_text_color__hover_enabled=&#8221;off&#8221; button_one_text_color__hover_enabled=&#8221;off&#8221; button_two_text_color__hover_enabled=&#8221;off&#8221; button_border_width__hover_enabled=&#8221;off&#8221; button_one_border_width__hover_enabled=&#8221;off&#8221; button_two_border_width__hover_enabled=&#8221;off&#8221; button_border_color__hover_enabled=&#8221;off&#8221; button_one_border_color__hover_enabled=&#8221;off&#8221; button_two_border_color__hover_enabled=&#8221;off&#8221; button_border_radius__hover_enabled=&#8221;off&#8221; button_one_border_radius__hover_enabled=&#8221;off&#8221; button_two_border_radius__hover_enabled=&#8221;off&#8221; button_letter_spacing__hover_enabled=&#8221;off&#8221; button_one_letter_spacing__hover_enabled=&#8221;off&#8221; button_two_letter_spacing__hover_enabled=&#8221;off&#8221; button_bg_color__hover_enabled=&#8221;off&#8221; button_one_bg_color__hover_enabled=&#8221;off&#8221; button_two_bg_color__hover_enabled=&#8221;off&#8221;] [\/et_pb_contact_field][et_pb_contact_field field_id=&#8221;Asunto&#8221; field_title=&#8221;Subject&#8221; required_mark=&#8221;off&#8221; fullwidth_field=&#8221;on&#8221; _builder_version=&#8221;3.16&#8243; form_field_font=&#8221;||||&#8221; border_radii=&#8221;on||||&#8221; use_border_color=&#8221;off&#8221; border_style=&#8221;solid&#8221; button_text_size__hover_enabled=&#8221;off&#8221; button_one_text_size__hover_enabled=&#8221;off&#8221; button_two_text_size__hover_enabled=&#8221;off&#8221; button_text_color__hover_enabled=&#8221;off&#8221; button_one_text_color__hover_enabled=&#8221;off&#8221; button_two_text_color__hover_enabled=&#8221;off&#8221; button_border_width__hover_enabled=&#8221;off&#8221; button_one_border_width__hover_enabled=&#8221;off&#8221; button_two_border_width__hover_enabled=&#8221;off&#8221; button_border_color__hover_enabled=&#8221;off&#8221; button_one_border_color__hover_enabled=&#8221;off&#8221; button_two_border_color__hover_enabled=&#8221;off&#8221; button_border_radius__hover_enabled=&#8221;off&#8221; button_one_border_radius__hover_enabled=&#8221;off&#8221; button_two_border_radius__hover_enabled=&#8221;off&#8221; button_letter_spacing__hover_enabled=&#8221;off&#8221; button_one_letter_spacing__hover_enabled=&#8221;off&#8221; button_two_letter_spacing__hover_enabled=&#8221;off&#8221; button_bg_color__hover_enabled=&#8221;off&#8221; button_one_bg_color__hover_enabled=&#8221;off&#8221; button_two_bg_color__hover_enabled=&#8221;off&#8221;] [\/et_pb_contact_field][et_pb_contact_field field_id=&#8221;Message&#8221; field_title=&#8221;Message&#8221; field_type=&#8221;text&#8221; fullwidth_field=&#8221;on&#8221; _builder_version=&#8221;3.16&#8243; form_field_font=&#8221;||||&#8221; border_radii=&#8221;on||||&#8221; use_border_color=&#8221;off&#8221; border_style=&#8221;solid&#8221; button_text_size__hover_enabled=&#8221;off&#8221; button_one_text_size__hover_enabled=&#8221;off&#8221; button_two_text_size__hover_enabled=&#8221;off&#8221; button_text_color__hover_enabled=&#8221;off&#8221; button_one_text_color__hover_enabled=&#8221;off&#8221; button_two_text_color__hover_enabled=&#8221;off&#8221; button_border_width__hover_enabled=&#8221;off&#8221; button_one_border_width__hover_enabled=&#8221;off&#8221; button_two_border_width__hover_enabled=&#8221;off&#8221; button_border_color__hover_enabled=&#8221;off&#8221; button_one_border_color__hover_enabled=&#8221;off&#8221; button_two_border_color__hover_enabled=&#8221;off&#8221; button_border_radius__hover_enabled=&#8221;off&#8221; button_one_border_radius__hover_enabled=&#8221;off&#8221; button_two_border_radius__hover_enabled=&#8221;off&#8221; button_letter_spacing__hover_enabled=&#8221;off&#8221; button_one_letter_spacing__hover_enabled=&#8221;off&#8221; button_two_letter_spacing__hover_enabled=&#8221;off&#8221; button_bg_color__hover_enabled=&#8221;off&#8221; button_one_bg_color__hover_enabled=&#8221;off&#8221; button_two_bg_color__hover_enabled=&#8221;off&#8221;] [\/et_pb_contact_field][\/et_pb_contact_form][\/et_pb_column][et_pb_column type=&#8221;1_3&#8243; _builder_version=&#8221;3.0.47&#8243;][et_pb_text admin_label=&#8221;Text&#8221; _builder_version=&#8221;3.0.87&#8243; background_size=&#8221;initial&#8221; background_position=&#8221;top_left&#8221; background_repeat=&#8221;repeat&#8221; module_alignment=&#8221;left&#8221; custom_css_main_element=&#8221;padding-top: 40px&#8221; use_border_color=&#8221;off&#8221; border_color=&#8221;#ffffff&#8221; border_style=&#8221;solid&#8221;]<\/p>\n<h3>Location<\/h3>\n<p>R\u00faa do Granito, A2<br \/> Pol\u00edgono Industrial de B\u00e9rtoa<br \/> 15100 Carballo (A Coru\u00f1a) Spain<\/p>\n<p><strong>Telephone<br \/> <\/strong>+34 981 732 944<br \/> +34 619 075 543<\/p>\n<p style=\"padding-bottom: 1em; background-color: #ffffff; font-size: 14px;\"><strong style=\"font-size: 14px;\">E-Mail<\/strong><strong style=\"font-size: 14px;\"><br \/> <\/strong><a href=\"mailto:info@novakemio.com\">info@novakemio.com<\/a><\/p>\n<p>[\/et_pb_text][\/et_pb_column][\/et_pb_row][\/et_pb_section][et_pb_section fb_built=&#8221;1&#8243; fullwidth=&#8221;on&#8221; custom_padding_last_edited=&#8221;on|desktop&#8221; _builder_version=&#8221;3.0.74&#8243; custom_padding_tablet=&#8221;50px|0|50px|0&#8243; transparent_background=&#8221;off&#8221; padding_mobile=&#8221;off&#8221;][et_pb_fullwidth_map address=&#8221;R\u00faa do Granito, A2 &#8211; Pol. Industrial de B\u00e9rtoa &#8211; 15100 &#8211; CARBALLO &#8211; A CORU\u00d1A &#8211; SPAIN&#8221; zoom_level=&#8221;15&#8243; address_lat=&#8221;43.245510353547&#8243; address_lng=&#8221;-8.6831829218208&#8243; _builder_version=&#8221;3.19.17&#8243;][et_pb_map_pin title=&#8221;NovaKemio &#8211; Qu\u00edmicos y Resinas&#8221; pin_address=&#8221;AG-55, 15107 Carballo, La Coru\u00f1a, Espa\u00f1a&#8221; pin_address_lat=&#8221;43.245601932912&#8243; pin_address_lng=&#8221;-8.6812470092316&#8243; _builder_version=&#8221;3.19.17&#8243; zoom_level=&#8221;16&#8243;]Rua do Granito, A2<br \/>\nPol\u00edgono Industrial de Bertoa<br \/>\n15100 Carballo (A Coru\u00f1a) Spain<\/p>\n<p><strong>Telephones:\u00a0<\/strong>+34 981 732 944 \/ +34 619 075 543<br \/>\nE-Mail: <a href=\"mailto:info@novakemio.com\">info@novakemio.com<\/a><\/p>\n<p><a href=\"https:\/\/goo.gl\/maps\/CPuSZ72qi6s\">Google Map Directions<\/a>[\/et_pb_map_pin][\/et_pb_fullwidth_map][\/et_pb_section]<\/p>\n","protected":false},"excerpt":{"rendered":"<p><a title=\"Ir a NovaKemio.\" href=\"https:\/\/novakemio.com\/en\/\" class=\"home\">NovaKemio<\/a> &gt; <a title=\"Go to Noticias.\" href=\"https:\/\/novakemio.com\/noticias\/\" class=\"post-root post post-post\">Noticias<\/a> Location R\u00faa do Granito, A2 Pol\u00edgono Industrial de B\u00e9rtoa 15100 Carballo (A Coru\u00f1a) Spain Telephone +34 981 732 944 +34 619 075 543 E-Mail info@novakemio.comRua do Granito, A2 Pol\u00edgono Industrial de Bertoa 15100 Carballo (A Coru\u00f1a) Spain Telephones:\u00a0+34 981 732 944 \/ +34 619 075 543 E-Mail: info@novakemio.com Google Map Directions<\/p>\n","protected":false},"author":1,"featured_media":0,"parent":0,"menu_order":0,"comment_status":"open","ping_status":"open","template":"","meta":{"_et_pb_use_builder":"on","_et_pb_old_content":"","_et_gb_content_width":"","footnotes":""},"class_list":["post-1693","page","type-page","status-publish","hentry"],"aioseo_notices":[],"_links":{"self":[{"href":"https:\/\/novakemio.com\/en\/wp-json\/wp\/v2\/pages\/1693","targetHints":{"allow":["GET"]}}],"collection":[{"href":"https:\/\/novakemio.com\/en\/wp-json\/wp\/v2\/pages"}],"about":[{"href":"https:\/\/novakemio.com\/en\/wp-json\/wp\/v2\/types\/page"}],"author":[{"embeddable":true,"href":"https:\/\/novakemio.com\/en\/wp-json\/wp\/v2\/users\/1"}],"replies":[{"embeddable":true,"href":"https:\/\/novakemio.com\/en\/wp-json\/wp\/v2\/comments?post=1693"}],"version-history":[{"count":9,"href":"https:\/\/novakemio.com\/en\/wp-json\/wp\/v2\/pages\/1693\/revisions"}],"predecessor-version":[{"id":3123,"href":"https:\/\/novakemio.com\/en\/wp-json\/wp\/v2\/pages\/1693\/revisions\/3123"}],"wp:attachment":[{"href":"https:\/\/novakemio.com\/en\/wp-json\/wp\/v2\/media?parent=1693"}],"curies":[{"name":"wp","href":"https:\/\/api.w.org\/{rel}","templated":true}]}}