{"id":1690,"date":"2016-03-03T19:28:45","date_gmt":"2016-03-03T19:28:45","guid":{"rendered":"http:\/\/novakemio.com\/en\/?page_id=1690"},"modified":"2016-12-09T20:04:44","modified_gmt":"2016-12-09T20:04:44","slug":"the-company","status":"publish","type":"page","link":"https:\/\/novakemio.com\/en\/the-company\/","title":{"rendered":"The Company"},"content":{"rendered":"<p><img loading=\"lazy\" decoding=\"async\" class=\"alignleft wp-image-751\" title=\"fachadaNovakemio\" src=\"https:\/\/novakemio.com\/wp-content\/uploads\/2013\/04\/fachadaNovakemio.jpg\" alt=\"NovaKemio\" width=\"252\" height=\"192\" \/>Novakemio, with its headquarters located in the Pol\u00edgono Ind. de B\u00e9rtoa in Carballo (A Coru\u00f1a), designs, manufactures and markets products and systems for\u00a0specific solutions in the sectors of construction and polymeric resin flooring for decoration and all types of industry, especially the food industry.<\/p>\n<p>The extensive experience of the personnel in these sectors, guarantee the best systems and constructive solutions\u00a0in various parts of the world.<\/p>\n<p>Novakemio produces a wide range of products in various divisions currently selling\u00a0in Spain, Portugal and many\u00a0countries of\u00a0the American continent, although the ongoing process of international expansion makes it so that soon it will be\u00a0in new markets of South America, Central America and Africa.<\/p>\n<p>The main objective of the company is client satisfaction, based on the development of innovative products and continuous improvements to be able to offer in the minimum amount of time the correct solutions and personalized attention with the\u00a0study of\u00a0the needs, counseling\u00a0and follow-ups and post-sales support.<\/p>\n<p>It is considered fundamental to market the best product possible under important developments of R+D+I, traceability of the product for start to finish, as well as treating the environment well, using materials that minimize environmental impact and ongoing management of waste.<\/p>\n<p>&nbsp;<\/p>\n<ul>\n<li><a title=\"Contacto\" href=\"https:\/\/novakemio.com\/contacto\/\"><strong>View Situation Map and Contact information<\/strong><\/a><\/li>\n<\/ul>\n","protected":false},"excerpt":{"rendered":"<p>Novakemio, with its headquarters located in the Pol\u00edgono Ind. de B\u00e9rtoa in Carballo (A Coru\u00f1a), designs, manufactures and markets products and systems for\u00a0specific solutions in the sectors of construction and polymeric resin flooring for decoration and all types of industry, especially the food industry. The extensive experience of the personnel in these sectors, guarantee the [&hellip;]<\/p>\n","protected":false},"author":1,"featured_media":0,"parent":0,"menu_order":0,"comment_status":"closed","ping_status":"closed","template":"","meta":{"_et_pb_use_builder":"","_et_pb_old_content":"","_et_gb_content_width":"","footnotes":""},"class_list":["post-1690","page","type-page","status-publish","hentry"],"aioseo_notices":[],"_links":{"self":[{"href":"https:\/\/novakemio.com\/en\/wp-json\/wp\/v2\/pages\/1690","targetHints":{"allow":["GET"]}}],"collection":[{"href":"https:\/\/novakemio.com\/en\/wp-json\/wp\/v2\/pages"}],"about":[{"href":"https:\/\/novakemio.com\/en\/wp-json\/wp\/v2\/types\/page"}],"author":[{"embeddable":true,"href":"https:\/\/novakemio.com\/en\/wp-json\/wp\/v2\/users\/1"}],"replies":[{"embeddable":true,"href":"https:\/\/novakemio.com\/en\/wp-json\/wp\/v2\/comments?post=1690"}],"version-history":[{"count":4,"href":"https:\/\/novakemio.com\/en\/wp-json\/wp\/v2\/pages\/1690\/revisions"}],"predecessor-version":[{"id":2888,"href":"https:\/\/novakemio.com\/en\/wp-json\/wp\/v2\/pages\/1690\/revisions\/2888"}],"wp:attachment":[{"href":"https:\/\/novakemio.com\/en\/wp-json\/wp\/v2\/media?parent=1690"}],"curies":[{"name":"wp","href":"https:\/\/api.w.org\/{rel}","templated":true}]}}